{"id":1229,"date":"2023-12-26T12:04:28","date_gmt":"2023-12-26T09:04:28","guid":{"rendered":"https:\/\/fidder.org.tr\/%d8%a3%d9%84%d8%a8%d9%88%d9%85-%d8%a7%d9%84%d8%b5%d9%88%d8%b1\/"},"modified":"2023-12-28T14:36:16","modified_gmt":"2023-12-28T11:36:16","slug":"%d8%a3%d9%84%d8%a8%d9%88%d9%85-%d8%a7%d9%84%d8%b5%d9%88%d8%b1","status":"publish","type":"page","link":"https:\/\/fidder.org.tr\/tr\/%d8%a3%d9%84%d8%a8%d9%88%d9%85-%d8%a7%d9%84%d8%b5%d9%88%d8%b1\/","title":{"rendered":"foto\u011fraf alb\u00fcm\u00fc"},"content":{"rendered":"","protected":false},"excerpt":{"rendered":"","protected":false},"author":1,"featured_media":0,"parent":0,"menu_order":0,"comment_status":"closed","ping_status":"closed","template":"","meta":{"footnotes":""},"class_list":["post-1229","page","type-page","status-publish","hentry"],"_links":{"self":[{"href":"https:\/\/fidder.org.tr\/tr\/wp-json\/wp\/v2\/pages\/1229","targetHints":{"allow":["GET"]}}],"collection":[{"href":"https:\/\/fidder.org.tr\/tr\/wp-json\/wp\/v2\/pages"}],"about":[{"href":"https:\/\/fidder.org.tr\/tr\/wp-json\/wp\/v2\/types\/page"}],"author":[{"embeddable":true,"href":"https:\/\/fidder.org.tr\/tr\/wp-json\/wp\/v2\/users\/1"}],"replies":[{"embeddable":true,"href":"https:\/\/fidder.org.tr\/tr\/wp-json\/wp\/v2\/comments?post=1229"}],"version-history":[{"count":1,"href":"https:\/\/fidder.org.tr\/tr\/wp-json\/wp\/v2\/pages\/1229\/revisions"}],"predecessor-version":[{"id":1230,"href":"https:\/\/fidder.org.tr\/tr\/wp-json\/wp\/v2\/pages\/1229\/revisions\/1230"}],"wp:attachment":[{"href":"https:\/\/fidder.org.tr\/tr\/wp-json\/wp\/v2\/media?parent=1229"}],"curies":[{"name":"wp","href":"https:\/\/api.w.org\/{rel}","templated":true}]}}